{"id":3858,"date":"2013-11-29T11:01:52","date_gmt":"2013-11-29T10:01:52","guid":{"rendered":"https:\/\/nowinta.es\/nowinta\/"},"modified":"2026-01-21T18:50:00","modified_gmt":"2026-01-21T17:50:00","slug":"the-company","status":"publish","type":"page","link":"https:\/\/nowinta.es\/en\/the-company\/","title":{"rendered":"The company"},"content":{"rendered":"<p><strong>nowinta<\/strong> is a family business and was founded in 1990 by Gregor Bei\u00dfwenger in Aalen, Baden W\u00fcrttemberg.<\/p>\n<div id=\"attachment_3825\" class=\"wp-caption aligncenter\" style=\"width: 300px\"><img loading=\"lazy\" class=\"wp-image-4762 size-medium\" src=\"https:\/\/nowinta.es\/wp-content\/uploads\/2026\/01\/045-300x270.webp\" alt=\"Mathias Bei\u00dfwenger\" width=\"300\" height=\"270\" srcset=\"https:\/\/nowinta.es\/wp-content\/uploads\/2026\/01\/045-300x270.webp 300w, https:\/\/nowinta.es\/wp-content\/uploads\/2026\/01\/045-106x95.webp 106w, https:\/\/nowinta.es\/wp-content\/uploads\/2026\/01\/045.webp 634w\" sizes=\"(max-width: 300px) 100vw, 300px\" \/><\/p>\n<p class=\"wp-caption-text\">Mathias Bei\u00dfwenger, Managing Partner<\/p>\n<\/div>\n<p>Now the company has been passed down to the second generation and is managed by Mathias Bei\u00dfwenger.<\/p>\n<p>nowinta has always been committed to making the customer the sole focus of attention. Likewise, it has always been and still is the goal to invest in a tangible asset and to give the customer access to products that are otherwise reserved for institutions.<\/p>\n<p>Within the framework of financial planning, nowinta also offers the possibility of investing in real estate and can help you in the area of financing, in particular construction financing.<\/p>\n<p>This approach has enabled us to earn the trust of numerous customers, so that we now serve more than 14,000 customers across all financial sectors.<\/p>\n<p>In doing so, we follow a consulting philosophy that clearly differs from others, and always keep our values and mission in mind: free, needs-based financial planning.<\/p>\n","protected":false},"excerpt":{"rendered":"<p>nowinta is a family business and was founded in 1990 by Gregor Bei\u00dfwenger in Aalen, Baden W\u00fcrttemberg. Now the company has been passed down to the second generation and is managed by Mathias Bei\u00dfwenger. nowinta has always been committed to making the customer the sole focus of attention. Likewise, it<\/p>\n","protected":false},"author":11,"featured_media":0,"parent":0,"menu_order":0,"comment_status":"open","ping_status":"open","template":"","meta":[],"_links":{"self":[{"href":"https:\/\/nowinta.es\/en\/wp-json\/wp\/v2\/pages\/3858"}],"collection":[{"href":"https:\/\/nowinta.es\/en\/wp-json\/wp\/v2\/pages"}],"about":[{"href":"https:\/\/nowinta.es\/en\/wp-json\/wp\/v2\/types\/page"}],"author":[{"embeddable":true,"href":"https:\/\/nowinta.es\/en\/wp-json\/wp\/v2\/users\/11"}],"replies":[{"embeddable":true,"href":"https:\/\/nowinta.es\/en\/wp-json\/wp\/v2\/comments?post=3858"}],"version-history":[{"count":3,"href":"https:\/\/nowinta.es\/en\/wp-json\/wp\/v2\/pages\/3858\/revisions"}],"predecessor-version":[{"id":4781,"href":"https:\/\/nowinta.es\/en\/wp-json\/wp\/v2\/pages\/3858\/revisions\/4781"}],"wp:attachment":[{"href":"https:\/\/nowinta.es\/en\/wp-json\/wp\/v2\/media?parent=3858"}],"curies":[{"name":"wp","href":"https:\/\/api.w.org\/{rel}","templated":true}]}}