{"id":3951,"date":"2013-11-29T11:00:56","date_gmt":"2013-11-29T10:00:56","guid":{"rendered":"https:\/\/nowinta.es\/homepage\/"},"modified":"2019-11-21T19:43:09","modified_gmt":"2019-11-21T18:43:09","slug":"homepage","status":"publish","type":"page","link":"https:\/\/nowinta.es\/es\/","title":{"rendered":"Inicio"},"content":{"rendered":"<p>Desde su fundaci\u00f3n en 1990, el grupo inversor nowinta se ha dedicado al asesoramiento financiero integral basado en las necesidades individuales de sus clientes. El grupo lleva a cabo su actividad con total independencia y, por tanto, siempre selecciona las inversiones con la mejor ratio riesgo \/ precio para sus clientes.<\/p>\n<p>El objetivo de esta empresa familiar con sede en Aalen (Stuttgart, Alemania) es proporcionar a sus clientes un buen servicio a largo plazo, preferiblemente de por vida, basado en soluciones a medida.<\/p>\n<p>Siguiendo el \u00e9xito del grupo en Alemania, nowinta ha abierto una oficina en Marbella, donde pueden acudir y recibir m\u00e1s informaci\u00f3n sobre posibles oportunidades de inversiones financieras.<\/p>\n<p>Puede obtener m\u00e1s informaci\u00f3n hablando con el personal de nowinta en Espa\u00f1a, dirigido por D. Tobias Heyden, CEO en Espa\u00f1a, ya sea en nuestras oficinas o en visita acordada, donde estaremos encantados de informarle.<\/p>\n<div class=\"cta_wrap clearfix\">\n<hr \/>\n<p> <span class=\"cta_phone\" style=\"left: 136px\"><\/span> <\/p>\n<p class=\"cta_line1\">Llame y ampl\u00ede informaci\u00f3n:<\/p>\n<p class=\"cta_line2\"><a href=\"tel:+34951965333\">+34 951 965 333<\/a><\/p>\n<hr \/>\n<\/div>\n<p style=\"text-align: center;\">-disposiciones privadas &#8211; inversiones &#8211; seguros &#8211; financiaci\u00f3n-<\/p>\n","protected":false},"excerpt":{"rendered":"<p>Desde su fundaci\u00f3n en 1990, el grupo inversor nowinta se ha dedicado al asesoramiento financiero integral basado en las necesidades individuales de sus clientes. El grupo lleva a cabo su actividad con total independencia y, por tanto, siempre selecciona las inversiones con la mejor ratio riesgo \/ precio para sus<\/p>\n","protected":false},"author":11,"featured_media":0,"parent":0,"menu_order":0,"comment_status":"open","ping_status":"open","template":"page-home.php","meta":[],"_links":{"self":[{"href":"https:\/\/nowinta.es\/es\/wp-json\/wp\/v2\/pages\/3951"}],"collection":[{"href":"https:\/\/nowinta.es\/es\/wp-json\/wp\/v2\/pages"}],"about":[{"href":"https:\/\/nowinta.es\/es\/wp-json\/wp\/v2\/types\/page"}],"author":[{"embeddable":true,"href":"https:\/\/nowinta.es\/es\/wp-json\/wp\/v2\/users\/11"}],"replies":[{"embeddable":true,"href":"https:\/\/nowinta.es\/es\/wp-json\/wp\/v2\/comments?post=3951"}],"version-history":[{"count":4,"href":"https:\/\/nowinta.es\/es\/wp-json\/wp\/v2\/pages\/3951\/revisions"}],"predecessor-version":[{"id":4013,"href":"https:\/\/nowinta.es\/es\/wp-json\/wp\/v2\/pages\/3951\/revisions\/4013"}],"wp:attachment":[{"href":"https:\/\/nowinta.es\/es\/wp-json\/wp\/v2\/media?parent=3951"}],"curies":[{"name":"wp","href":"https:\/\/api.w.org\/{rel}","templated":true}]}}