{"id":3954,"date":"2019-04-18T10:22:40","date_gmt":"2019-04-18T08:22:40","guid":{"rendered":"https:\/\/nowinta.es\/nowinta-spain\/"},"modified":"2026-01-21T18:49:10","modified_gmt":"2026-01-21T17:49:10","slug":"nowinta-espana","status":"publish","type":"page","link":"https:\/\/nowinta.es\/es\/nowinta-espana\/","title":{"rendered":"nowinta Espa\u00f1a"},"content":{"rendered":"<p style=\"text-align: center;\"><img loading=\"lazy\" class=\"aligncenter wp-image-4775\" src=\"https:\/\/nowinta.es\/wp-content\/uploads\/2026\/01\/SESION-NOWINTA-053.webp\" alt=\"\" width=\"640\" height=\"427\" srcset=\"https:\/\/nowinta.es\/wp-content\/uploads\/2026\/01\/SESION-NOWINTA-053.webp 1280w, https:\/\/nowinta.es\/wp-content\/uploads\/2026\/01\/SESION-NOWINTA-053-300x200.webp 300w, https:\/\/nowinta.es\/wp-content\/uploads\/2026\/01\/SESION-NOWINTA-053-1024x682.webp 1024w, https:\/\/nowinta.es\/wp-content\/uploads\/2026\/01\/SESION-NOWINTA-053-768x512.webp 768w, https:\/\/nowinta.es\/wp-content\/uploads\/2026\/01\/SESION-NOWINTA-053-106x71.webp 106w\" sizes=\"(max-width: 640px) 100vw, 640px\" \/><\/p>\n<p><strong>nowinta<\/strong> tiene presencia en Marbella desde 2018. Ofrecemos un excelente servicio y un cercano punto de contacto para ciudadanos de Alemania, Suiza, Austria en particular y del resto de Europa en general que tienen su primera o segunda residencia en Marbella.<\/p>\n<p>Muchos de ellos pasan una gran parte del a\u00f1o en la Costa del Sol, aunque la mayor parte de su patrimonio lo conservan en sus respectivos pa\u00edses de origen. No obstante, todos necesitamos una atenci\u00f3n personal, por lo que nowinta Marbella les ofrece un servicio completamente local pr\u00e1cticamente en su puerta.<\/p>\n<h2>Direcci\u00f3n<\/h2>\n<p>Con Tobias Heyden, nowinta Espa\u00f1a ofrece un director y socio experimentado, totalmente cualificado, integrado en la regi\u00f3n desde hace muchos a\u00f1os. Nacido en Zurich en 1970, Heyden comenz\u00f3 su carrera en banca trabajando para UBS y Credit Suisse. Su primer trabajo en esta zona tambi\u00e9n fue con Credit Suisse, en Gibraltar. Posteriormente, trabaj\u00f3 para Citibank Espa\u00f1a, siguiendo su carrera como colaborador de un gestor de activos privado suizo. Finalmente, en enero de 2018 se uni\u00f3 al grupo nowinta.<\/p>\n<p>La filosof\u00eda de inversi\u00f3n de nowinta est\u00e1 basada en una estrategia eficiente y rentable a trav\u00e9s de fondos cotizados en bolsa (ETFs) v\u00eda socios en Alemania. Esta es la pieza clave que nos diferencia.<\/p>\n","protected":false},"excerpt":{"rendered":"<p>nowinta tiene presencia en Marbella desde 2018. Ofrecemos un excelente servicio y un cercano punto de contacto para ciudadanos de Alemania, Suiza, Austria en particular y del resto de Europa en general que tienen su primera o segunda residencia en Marbella. Muchos de ellos pasan una gran parte del a\u00f1o<\/p>\n","protected":false},"author":11,"featured_media":0,"parent":0,"menu_order":0,"comment_status":"open","ping_status":"open","template":"","meta":[],"_links":{"self":[{"href":"https:\/\/nowinta.es\/es\/wp-json\/wp\/v2\/pages\/3954"}],"collection":[{"href":"https:\/\/nowinta.es\/es\/wp-json\/wp\/v2\/pages"}],"about":[{"href":"https:\/\/nowinta.es\/es\/wp-json\/wp\/v2\/types\/page"}],"author":[{"embeddable":true,"href":"https:\/\/nowinta.es\/es\/wp-json\/wp\/v2\/users\/11"}],"replies":[{"embeddable":true,"href":"https:\/\/nowinta.es\/es\/wp-json\/wp\/v2\/comments?post=3954"}],"version-history":[{"count":3,"href":"https:\/\/nowinta.es\/es\/wp-json\/wp\/v2\/pages\/3954\/revisions"}],"predecessor-version":[{"id":4779,"href":"https:\/\/nowinta.es\/es\/wp-json\/wp\/v2\/pages\/3954\/revisions\/4779"}],"wp:attachment":[{"href":"https:\/\/nowinta.es\/es\/wp-json\/wp\/v2\/media?parent=3954"}],"curies":[{"name":"wp","href":"https:\/\/api.w.org\/{rel}","templated":true}]}}