{"id":3958,"date":"2013-11-29T11:01:52","date_gmt":"2013-11-29T10:01:52","guid":{"rendered":"https:\/\/nowinta.es\/the-company\/"},"modified":"2026-01-21T18:50:05","modified_gmt":"2026-01-21T17:50:05","slug":"la-compania","status":"publish","type":"page","link":"https:\/\/nowinta.es\/es\/la-compania\/","title":{"rendered":"La compa\u00f1\u00eda"},"content":{"rendered":"<p><strong>nowinta<\/strong> es una empresa familiar fundada en 1990 por Gregor Bei\u00dfwenger en Aalen, Baden W\u00fcrttemberg.<\/p>\n<div id=\"attachment_3825\" class=\"wp-caption aligncenter\" style=\"width: 300px\"><img loading=\"lazy\" class=\"wp-image-4762 size-medium\" src=\"https:\/\/nowinta.es\/wp-content\/uploads\/2026\/01\/045-300x270.webp\" alt=\"Mathias Bei\u00dfwenger\" width=\"300\" height=\"270\" srcset=\"https:\/\/nowinta.es\/wp-content\/uploads\/2026\/01\/045-300x270.webp 300w, https:\/\/nowinta.es\/wp-content\/uploads\/2026\/01\/045-106x95.webp 106w, https:\/\/nowinta.es\/wp-content\/uploads\/2026\/01\/045.webp 634w\" sizes=\"(max-width: 300px) 100vw, 300px\" \/><\/p>\n<p class=\"wp-caption-text\">Mathias Bei\u00dfwenger, Gerente Socio<\/p>\n<\/div>\n<p>En la actualidad, la compa\u00f1\u00eda est\u00e1 dirigida y gestionada por la segunda generaci\u00f3n, su CEO es Matthias Bei\u00dfwenger.<\/p>\n<p>nowinta siempre se ha comprometido a hacer del cliente su \u00fanico foco de atenci\u00f3n. Del mismo modo, siempre ha sido y sigue siendo su objetivo invertir en activos tangibles y dar al cliente acceso a productos que normalmente est\u00e1n reservados para clientes institucionales.<\/p>\n<p>En el marco de la planificaci\u00f3n financiera, nowinta tambi\u00e9n ofrece la posibilidad de invertir en\u00a0\u00a0 bienes inmuebles y ofrece ayudas en el \u00e1rea de financiaci\u00f3n, particularmente en el sector de la construcci\u00f3n.<\/p>\n<p>Este enfoque nos ha permitido ganarnos la confianza de numerosos clientes, por lo que en la actualidad atendemos a m\u00e1s de 14,000 clientes de todos los sectores financieros.<\/p>\n<p>Al hacerlo, seguimos una filosof\u00eda de asesoramiento que se diferencia claramente de los dem\u00e1s teniendo siempre presente nuestros valores y nuestra misi\u00f3n: planificaci\u00f3n financiera independiente adaptada a las necesidades de los clientes.<\/p>\n<p>En <a href=\"\/es\/principios-nowinta\">la p\u00e1gina siguiente le explicamos m\u00e1s detalladamente esta filosof\u00eda<\/a>.<\/p>\n","protected":false},"excerpt":{"rendered":"<p>nowinta es una empresa familiar fundada en 1990 por Gregor Bei\u00dfwenger en Aalen, Baden W\u00fcrttemberg. En la actualidad, la compa\u00f1\u00eda est\u00e1 dirigida y gestionada por la segunda generaci\u00f3n, su CEO es Matthias Bei\u00dfwenger. nowinta siempre se ha comprometido a hacer del cliente su \u00fanico foco de atenci\u00f3n. Del mismo modo,<\/p>\n","protected":false},"author":11,"featured_media":0,"parent":0,"menu_order":0,"comment_status":"open","ping_status":"open","template":"","meta":[],"_links":{"self":[{"href":"https:\/\/nowinta.es\/es\/wp-json\/wp\/v2\/pages\/3958"}],"collection":[{"href":"https:\/\/nowinta.es\/es\/wp-json\/wp\/v2\/pages"}],"about":[{"href":"https:\/\/nowinta.es\/es\/wp-json\/wp\/v2\/types\/page"}],"author":[{"embeddable":true,"href":"https:\/\/nowinta.es\/es\/wp-json\/wp\/v2\/users\/11"}],"replies":[{"embeddable":true,"href":"https:\/\/nowinta.es\/es\/wp-json\/wp\/v2\/comments?post=3958"}],"version-history":[{"count":3,"href":"https:\/\/nowinta.es\/es\/wp-json\/wp\/v2\/pages\/3958\/revisions"}],"predecessor-version":[{"id":4782,"href":"https:\/\/nowinta.es\/es\/wp-json\/wp\/v2\/pages\/3958\/revisions\/4782"}],"wp:attachment":[{"href":"https:\/\/nowinta.es\/es\/wp-json\/wp\/v2\/media?parent=3958"}],"curies":[{"name":"wp","href":"https:\/\/api.w.org\/{rel}","templated":true}]}}