{"id":3962,"date":"2019-04-18T10:24:15","date_gmt":"2019-04-18T08:24:15","guid":{"rendered":"https:\/\/nowinta.es\/successful-financial-planning\/"},"modified":"2026-01-21T18:50:48","modified_gmt":"2026-01-21T17:50:48","slug":"planificacion-financiera-con-exito","status":"publish","type":"page","link":"https:\/\/nowinta.es\/es\/planificacion-financiera-con-exito\/","title":{"rendered":"Planificaci\u00f3n financiera con \u00e9xito"},"content":{"rendered":"<p>La planificaci\u00f3n financiera exitosa ha de ser sistem\u00e1tica. Este sistema se basa en un intercambio de informaci\u00f3n entre usted y nosotros y, en \u00faltima instancia, llegaremos a una soluci\u00f3n \u00f3ptima para usted y su familia, totalmente personalizada. Todos los servicios son coordinados con un solo asesor, en la matriz de la empresa. Por lo tanto, los seguros b\u00e1sicos, el incremento y la gesti\u00f3n de sus activos se coordinan individualmente y en su propio beneficio.<br \/>\n<img loading=\"lazy\" class=\"aligncenter wp-image-4768 size-full\" src=\"https:\/\/nowinta.es\/wp-content\/uploads\/2026\/01\/SESION-NOWINTA098.webp\" alt=\"\" width=\"1134\" height=\"663\" srcset=\"https:\/\/nowinta.es\/wp-content\/uploads\/2026\/01\/SESION-NOWINTA098.webp 1134w, https:\/\/nowinta.es\/wp-content\/uploads\/2026\/01\/SESION-NOWINTA098-300x175.webp 300w, https:\/\/nowinta.es\/wp-content\/uploads\/2026\/01\/SESION-NOWINTA098-1024x599.webp 1024w, https:\/\/nowinta.es\/wp-content\/uploads\/2026\/01\/SESION-NOWINTA098-768x449.webp 768w, https:\/\/nowinta.es\/wp-content\/uploads\/2026\/01\/SESION-NOWINTA098-106x62.webp 106w\" sizes=\"(max-width: 1134px) 100vw, 1134px\" \/><\/p>\n<h2>Conoci\u00e9ndonos mutuamente<\/h2>\n<p>En la primera entrevista, el primer paso para la cooperaci\u00f3n futura se establece conoci\u00e9ndose personalmente. Primero, nos ofrece una visi\u00f3n de su situaci\u00f3n de personal, sus deseos y metas. A continuaci\u00f3n, le daremos una visi\u00f3n general de las muchas posibilidades en el mercado de gesti\u00f3n de activos y seguros.<\/p>\n<h2>An\u00e1lisis de las necesidades<\/h2>\n<p>El segundo paso es un an\u00e1lisis integral basado en sus necesidades, su situaci\u00f3n financiera y los objetivos de su futuro. La informaci\u00f3n obtenida de este an\u00e1lisis es esencial para el desarrollo de un plan financiero s\u00f3lido y para la creaci\u00f3n de una oferta personalizada.<\/p>\n<h2>Una oferta adaptada a sus necesidades<\/h2>\n<p>Despu\u00e9s de evaluar los datos, desarrollamos una soluci\u00f3n adaptada a su medida. La oferta consta de tres componentes, que se definen de acuerdo con las siguientes prioridades:<\/p>\n<ul>\n<li>Cobertura b\u00e1sica: la m\u00e1xima prioridad es cubrir sus riesgos personales y econ\u00f3micos, as\u00ed como los de su familia.<\/li>\n<li>Incremento de su patrimonio: la meta aqu\u00ed es lograr el objetivo de inversi\u00f3n de la manera m\u00e1s eficiente posible a trav\u00e9s de un ahorro constante.<\/li>\n<li>Inversi\u00f3n de capital: en funci\u00f3n de su horizonte de inversi\u00f3n y su nivel de aversi\u00f3n al riesgo, seleccionaremos de una forma totalmente objetiva, la inversi\u00f3n \u00f3ptima para usted sobre una extensa gama de posibilidades<\/li>\n<\/ul>\n","protected":false},"excerpt":{"rendered":"<p>La planificaci\u00f3n financiera exitosa ha de ser sistem\u00e1tica. Este sistema se basa en un intercambio de informaci\u00f3n entre usted y nosotros y, en \u00faltima instancia, llegaremos a una soluci\u00f3n \u00f3ptima para usted y su familia, totalmente personalizada. Todos los servicios son coordinados con un solo asesor, en la matriz de<\/p>\n","protected":false},"author":11,"featured_media":0,"parent":0,"menu_order":0,"comment_status":"open","ping_status":"open","template":"","meta":[],"_links":{"self":[{"href":"https:\/\/nowinta.es\/es\/wp-json\/wp\/v2\/pages\/3962"}],"collection":[{"href":"https:\/\/nowinta.es\/es\/wp-json\/wp\/v2\/pages"}],"about":[{"href":"https:\/\/nowinta.es\/es\/wp-json\/wp\/v2\/types\/page"}],"author":[{"embeddable":true,"href":"https:\/\/nowinta.es\/es\/wp-json\/wp\/v2\/users\/11"}],"replies":[{"embeddable":true,"href":"https:\/\/nowinta.es\/es\/wp-json\/wp\/v2\/comments?post=3962"}],"version-history":[{"count":3,"href":"https:\/\/nowinta.es\/es\/wp-json\/wp\/v2\/pages\/3962\/revisions"}],"predecessor-version":[{"id":4784,"href":"https:\/\/nowinta.es\/es\/wp-json\/wp\/v2\/pages\/3962\/revisions\/4784"}],"wp:attachment":[{"href":"https:\/\/nowinta.es\/es\/wp-json\/wp\/v2\/media?parent=3962"}],"curies":[{"name":"wp","href":"https:\/\/api.w.org\/{rel}","templated":true}]}}