{"id":3965,"date":"2019-04-18T10:25:23","date_gmt":"2019-04-18T08:25:23","guid":{"rendered":"https:\/\/nowinta.es\/nowinta-principles\/"},"modified":"2019-09-13T12:56:27","modified_gmt":"2019-09-13T10:56:27","slug":"principios-nowinta","status":"publish","type":"page","link":"https:\/\/nowinta.es\/es\/principios-nowinta\/","title":{"rendered":"Principios nowinta"},"content":{"rendered":"<p>La planificaci\u00f3n financiera es una cuesti\u00f3n de confianza. Por esta raz\u00f3n, hemos establecido una serie de procedimientos de asesoramiento vinculantes. \u00a0Con estas normas implementadas, podemos definir las condiciones b\u00e1sicas para una cooperaci\u00f3n exitosa.<\/p>\n<h2>Calidad<\/h2>\n<p>Productos de primera calidad, posici\u00f3n destacada en el mercado y las calificaciones excelentes de los proveedores del producto son los requisitos previos para una recomendaci\u00f3n de producto. La complejidad del asunto tambi\u00e9n requiere el conocimiento de diversas \u00e1reas. Por eso contamos con una red de especialistas y expertos con varios a\u00f1os de experiencia en el sector. Esto nos convierte en un socio competente para todas las cuestiones financieras y de inversi\u00f3n.<\/p>\n<h2>Individualidad<\/h2>\n<p>Un buen consejo objetivo solo lo puede ofrecer quien no tiene que representar intereses a favor de terceros ni posibilidad de vender sus propios productos. nowinta no tiene compromisos ni obligaciones con sus empresas proveedoras, podemos ofrecer un concepto de Previsi\u00f3n e Inversi\u00f3n completo y justo orientados a los deseos y necesidades individuales de nuestros clientes.<\/p>\n<h2>Visi\u00f3n Integral<\/h2>\n<p>La planificaci\u00f3n financiera exitosa requiere un enfoque exhaustivo. Dise\u00f1amos una soluci\u00f3n financiera a medida para usted que tenga en cuenta factores personales como: edad, estado civil, aversi\u00f3n al riesgo, situaci\u00f3n financiera y diversas necesidades individuales.<\/p>\n<h2>Durabilidad<\/h2>\n<p>Los cambios constantes en la situaci\u00f3n personal y financiera del cliente, as\u00ed como de los mercados, requieren apoyo y atenci\u00f3n continua. Esto solo se puede lograr a trav\u00e9s de una relaci\u00f3n de confianza mutua.<\/p>\n","protected":false},"excerpt":{"rendered":"<p>La planificaci\u00f3n financiera es una cuesti\u00f3n de confianza. Por esta raz\u00f3n, hemos establecido una serie de procedimientos de asesoramiento vinculantes. \u00a0Con estas normas implementadas, podemos definir las condiciones b\u00e1sicas para una cooperaci\u00f3n exitosa. Calidad Productos de primera calidad, posici\u00f3n destacada en el mercado y las calificaciones excelentes de los proveedores<\/p>\n","protected":false},"author":11,"featured_media":0,"parent":0,"menu_order":0,"comment_status":"open","ping_status":"open","template":"","meta":[],"_links":{"self":[{"href":"https:\/\/nowinta.es\/es\/wp-json\/wp\/v2\/pages\/3965"}],"collection":[{"href":"https:\/\/nowinta.es\/es\/wp-json\/wp\/v2\/pages"}],"about":[{"href":"https:\/\/nowinta.es\/es\/wp-json\/wp\/v2\/types\/page"}],"author":[{"embeddable":true,"href":"https:\/\/nowinta.es\/es\/wp-json\/wp\/v2\/users\/11"}],"replies":[{"embeddable":true,"href":"https:\/\/nowinta.es\/es\/wp-json\/wp\/v2\/comments?post=3965"}],"version-history":[{"count":2,"href":"https:\/\/nowinta.es\/es\/wp-json\/wp\/v2\/pages\/3965\/revisions"}],"predecessor-version":[{"id":3967,"href":"https:\/\/nowinta.es\/es\/wp-json\/wp\/v2\/pages\/3965\/revisions\/3967"}],"wp:attachment":[{"href":"https:\/\/nowinta.es\/es\/wp-json\/wp\/v2\/media?parent=3965"}],"curies":[{"name":"wp","href":"https:\/\/api.w.org\/{rel}","templated":true}]}}