{"id":3968,"date":"2019-05-15T16:24:37","date_gmt":"2019-05-15T14:24:37","guid":{"rendered":"https:\/\/nowinta.es\/capital-investment\/"},"modified":"2019-09-13T13:01:38","modified_gmt":"2019-09-13T11:01:38","slug":"inversion-de-capital","status":"publish","type":"page","link":"https:\/\/nowinta.es\/es\/inversion-de-capital\/","title":{"rendered":"Inversi\u00f3n de capital"},"content":{"rendered":"<h2>Su inversi\u00f3n necesita un socio fuerte<\/h2>\n<p>El ahorro es una virtud y, sin embargo, una gran cantidad de ahorradores renuncian a atractivos rendimientos y conf\u00edan en las formas de inversi\u00f3n con bajo inter\u00e9s porque supuestamente s\u00f3lo \u00e9stas ofrecen la seguridad necesaria. Sin embargo, en este per\u00edodo de tipos de bajos tipos de inter\u00e9s, esta forma de invertir genera p\u00e9rdidas. Tanto la inflaci\u00f3n como los impuestos consumen los m\u00ednimos ingresos que producen, por lo que causa una inevitable expropiaci\u00f3n gradual.<\/p>\n<p>Sin embargo, rendimientos m\u00e1s elevados no siempre significan alto riesgo tomando en consideraci\u00f3n una preparaci\u00f3n adecuada, la distribuci\u00f3n del riesgo y la inversi\u00f3n de acuerdo con las necesidades y del horizonte de inversi\u00f3n correspondiente.<\/p>\n<ul>\n<li><a href=\"\/es\/estrategias-de-inversion\">Estrategias de inversi\u00f3n<\/a><\/li>\n<li><a href=\"\/es\/previsi\u00f3n-de-jubilacion\">Previsi\u00f3n de jubilaci\u00f3n<\/a><\/li>\n<\/ul>\n","protected":false},"excerpt":{"rendered":"<p>Su inversi\u00f3n necesita un socio fuerte El ahorro es una virtud y, sin embargo, una gran cantidad de ahorradores renuncian a atractivos rendimientos y conf\u00edan en las formas de inversi\u00f3n con bajo inter\u00e9s porque supuestamente s\u00f3lo \u00e9stas ofrecen la seguridad necesaria. Sin embargo, en este per\u00edodo de tipos de bajos<\/p>\n","protected":false},"author":11,"featured_media":0,"parent":0,"menu_order":0,"comment_status":"open","ping_status":"open","template":"","meta":[],"_links":{"self":[{"href":"https:\/\/nowinta.es\/es\/wp-json\/wp\/v2\/pages\/3968"}],"collection":[{"href":"https:\/\/nowinta.es\/es\/wp-json\/wp\/v2\/pages"}],"about":[{"href":"https:\/\/nowinta.es\/es\/wp-json\/wp\/v2\/types\/page"}],"author":[{"embeddable":true,"href":"https:\/\/nowinta.es\/es\/wp-json\/wp\/v2\/users\/11"}],"replies":[{"embeddable":true,"href":"https:\/\/nowinta.es\/es\/wp-json\/wp\/v2\/comments?post=3968"}],"version-history":[{"count":3,"href":"https:\/\/nowinta.es\/es\/wp-json\/wp\/v2\/pages\/3968\/revisions"}],"predecessor-version":[{"id":3974,"href":"https:\/\/nowinta.es\/es\/wp-json\/wp\/v2\/pages\/3968\/revisions\/3974"}],"wp:attachment":[{"href":"https:\/\/nowinta.es\/es\/wp-json\/wp\/v2\/media?parent=3968"}],"curies":[{"name":"wp","href":"https:\/\/api.w.org\/{rel}","templated":true}]}}