{"id":3971,"date":"2019-04-18T10:26:31","date_gmt":"2019-04-18T08:26:31","guid":{"rendered":"https:\/\/nowinta.es\/investment-strategy\/"},"modified":"2019-09-13T13:01:03","modified_gmt":"2019-09-13T11:01:03","slug":"estrategias-de-inversion","status":"publish","type":"page","link":"https:\/\/nowinta.es\/es\/estrategias-de-inversion\/","title":{"rendered":"Estrategias de inversi\u00f3n"},"content":{"rendered":"<h2>Un concepto adecuado<\/h2>\n<p>Como socio de inversi\u00f3n totalmente objetivo, seleccionamos la cartera adecuada para usted, sin que existan intereses complementarios o de terceros. Al invertir exclusivamente en productos probados y en cooperaci\u00f3n con las compa\u00f1\u00edas de inversi\u00f3n m\u00e1s exitosas del mundo, nos aseguramos de que optimice la planificaci\u00f3n de sus activos y, como resultado, logre sus objetivos.<\/p>\n<h2>Usted es el protagonista<\/h2>\n<p>\u00bfUsted sabe lo que se puede permitir en el futuro y tiene objetivos concretos? Juntos podemos elaborar un plan financiero detallado, que consta de varios puntos, entre otros los siguientes:<\/p>\n<ul>\n<li>\u00bfQu\u00e9 objetivos concretos le gustar\u00eda lograr con su inversi\u00f3n?<\/li>\n<li>\u00bfQu\u00e9 riesgos est\u00e1 dispuesto a asumir para alcanzar estos objetivos en funci\u00f3n de su situaci\u00f3n financiera y familiar?<\/li>\n<li>\u00bfCu\u00e1l es su horizonte de inversi\u00f3n?<\/li>\n<\/ul>\n<p>Sobre la base de este plan financiero, seleccionamos la inversi\u00f3n adecuada para usted. A intervalos regulares, revisamos la soluci\u00f3n elegida y la adaptamos de manera flexible seg\u00fan se van presentando ciertos acontecimientos, como son las condiciones del mercado o incluso sus circunstancias personales.<\/p>\n","protected":false},"excerpt":{"rendered":"<p>Un concepto adecuado Como socio de inversi\u00f3n totalmente objetivo, seleccionamos la cartera adecuada para usted, sin que existan intereses complementarios o de terceros. Al invertir exclusivamente en productos probados y en cooperaci\u00f3n con las compa\u00f1\u00edas de inversi\u00f3n m\u00e1s exitosas del mundo, nos aseguramos de que optimice la planificaci\u00f3n de sus<\/p>\n","protected":false},"author":11,"featured_media":0,"parent":0,"menu_order":0,"comment_status":"open","ping_status":"open","template":"","meta":[],"_links":{"self":[{"href":"https:\/\/nowinta.es\/es\/wp-json\/wp\/v2\/pages\/3971"}],"collection":[{"href":"https:\/\/nowinta.es\/es\/wp-json\/wp\/v2\/pages"}],"about":[{"href":"https:\/\/nowinta.es\/es\/wp-json\/wp\/v2\/types\/page"}],"author":[{"embeddable":true,"href":"https:\/\/nowinta.es\/es\/wp-json\/wp\/v2\/users\/11"}],"replies":[{"embeddable":true,"href":"https:\/\/nowinta.es\/es\/wp-json\/wp\/v2\/comments?post=3971"}],"version-history":[{"count":2,"href":"https:\/\/nowinta.es\/es\/wp-json\/wp\/v2\/pages\/3971\/revisions"}],"predecessor-version":[{"id":3973,"href":"https:\/\/nowinta.es\/es\/wp-json\/wp\/v2\/pages\/3971\/revisions\/3973"}],"wp:attachment":[{"href":"https:\/\/nowinta.es\/es\/wp-json\/wp\/v2\/media?parent=3971"}],"curies":[{"name":"wp","href":"https:\/\/api.w.org\/{rel}","templated":true}]}}