{"id":3975,"date":"2019-04-18T10:27:12","date_gmt":"2019-04-18T08:27:12","guid":{"rendered":"https:\/\/nowinta.es\/retirement-provision\/"},"modified":"2019-09-13T13:04:27","modified_gmt":"2019-09-13T11:04:27","slug":"provision-de-jubilacion","status":"publish","type":"page","link":"https:\/\/nowinta.es\/es\/provision-de-jubilacion\/","title":{"rendered":"Provisi\u00f3n de jubilaci\u00f3n"},"content":{"rendered":"<p>Si desea mantener su nivel de vida despu\u00e9s de una larga vida laboral, debe hacer previsiones desde el principio. Nunca es demasiado pronto para pensar en el futuro. Cuanto antes se ocupe de su plan de jubilaci\u00f3n privado, antes podr\u00e1 disfrutar de su vida sin preocupaciones.<\/p>\n<p>Sin embargo, cualquiera que conf\u00ede solo en los planes de pensiones estatales corre el riesgo de tener que restringirse considerablemente al final de su vida laboral. Esto se debe a que el sistema de pensiones en Alemania y en otros pa\u00edses de le UE se encuentra en un estado precario como resultado del importante incremento demogr\u00e1fico. En el futuro, cada vez menos j\u00f3venes pagar\u00e1n las pensiones de los jubilados y personas mayores, siendo \u00e9stos a su vez m\u00e1s numerosos.<\/p>\n<p>Mientras que los jubilados de hoy todav\u00eda reciben el 70% de su \u00faltimo salario neto como pensi\u00f3n, los jubilados de ma\u00f1ana tendr\u00e1n que arregl\u00e1rselas con menos del 50% de su salario neto.<\/p>\n<p>El objetivo de cada uno es, por lo tanto, construir un \u201ccolch\u00f3n\u201d financiero suficientemente importante hasta la edad de jubilaci\u00f3n, para poder vivir de \u00e9l m\u00e1s adelante. Incluso con peque\u00f1as contribuciones mensuales, el efecto del inter\u00e9s compuesto permite crear unos ahorros considerables. Cuanto antes comience su plan de pensi\u00f3n, mejores y m\u00e1s favorables ser\u00e1n las prestaciones para usted y su familia.<\/p>\n<p>Solo a trav\u00e9s de un concepto de pensi\u00f3n adaptado a sus necesidades individuales puede compensar su d\u00e9ficit en las prestaciones y alcanzar sus sue\u00f1os cuando llega la edad de la jubilaci\u00f3n.<\/p>\n","protected":false},"excerpt":{"rendered":"<p>Si desea mantener su nivel de vida despu\u00e9s de una larga vida laboral, debe hacer previsiones desde el principio. Nunca es demasiado pronto para pensar en el futuro. Cuanto antes se ocupe de su plan de jubilaci\u00f3n privado, antes podr\u00e1 disfrutar de su vida sin preocupaciones. Sin embargo, cualquiera que<\/p>\n","protected":false},"author":11,"featured_media":0,"parent":0,"menu_order":0,"comment_status":"open","ping_status":"open","template":"","meta":[],"_links":{"self":[{"href":"https:\/\/nowinta.es\/es\/wp-json\/wp\/v2\/pages\/3975"}],"collection":[{"href":"https:\/\/nowinta.es\/es\/wp-json\/wp\/v2\/pages"}],"about":[{"href":"https:\/\/nowinta.es\/es\/wp-json\/wp\/v2\/types\/page"}],"author":[{"embeddable":true,"href":"https:\/\/nowinta.es\/es\/wp-json\/wp\/v2\/users\/11"}],"replies":[{"embeddable":true,"href":"https:\/\/nowinta.es\/es\/wp-json\/wp\/v2\/comments?post=3975"}],"version-history":[{"count":2,"href":"https:\/\/nowinta.es\/es\/wp-json\/wp\/v2\/pages\/3975\/revisions"}],"predecessor-version":[{"id":3977,"href":"https:\/\/nowinta.es\/es\/wp-json\/wp\/v2\/pages\/3975\/revisions\/3977"}],"wp:attachment":[{"href":"https:\/\/nowinta.es\/es\/wp-json\/wp\/v2\/media?parent=3975"}],"curies":[{"name":"wp","href":"https:\/\/api.w.org\/{rel}","templated":true}]}}