{"id":3978,"date":"2019-04-18T10:27:47","date_gmt":"2019-04-18T08:27:47","guid":{"rendered":"https:\/\/nowinta.es\/financing\/"},"modified":"2019-09-13T13:06:28","modified_gmt":"2019-09-13T11:06:28","slug":"financiacion","status":"publish","type":"page","link":"https:\/\/nowinta.es\/es\/financiacion\/","title":{"rendered":"Financiaci\u00f3n"},"content":{"rendered":"<p>Los contratos de financiaci\u00f3n suelen comprometer a largo plazo. Por est\u00e1 raz\u00f3n se requiere mucho cuidado al seleccionar la parte financiadora, sus t\u00e9rminos y las garant\u00edas del contrato.<\/p>\n<p>Nuestro concepto de financiaci\u00f3n no solo le permite reducir los plazos a la mitad de duraci\u00f3n en algunos casos, sino que tambi\u00e9n tiene excesos de liquidez disponibles sin costo adicional en caso de dificultades financieras.<\/p>\n<p>Como proveedor de servicios financieros, conocemos el mercado y lo que se ofrece y, por lo tanto, podemos presentarle un producto preciso y personalizado con condiciones atractivas. Adem\u00e1s, nos encargamos de realizar una gesti\u00f3n r\u00e1pida y \u00e1gil de la financiaci\u00f3n.<\/p>\n<p>Como nosotros no otorgamos pr\u00e9stamos, como lo hace su banco, no hay conflicto de intereses entre nosotros. Nuestro objetivo es asesorarle de manera que pueda lograr sus objetivos lo m\u00e1s r\u00e1pidamente posible.<\/p>\n<p>Nos complacer\u00e1 presentarle nuestra filosof\u00eda en una reuni\u00f3n personal y crear una oferta de financiaci\u00f3n adecuada para usted. \u00a1Por favor <a href=\"\/es\/contacto\">p\u00f3ngase en contacto<\/a>!<\/p>\n","protected":false},"excerpt":{"rendered":"<p>Los contratos de financiaci\u00f3n suelen comprometer a largo plazo. Por est\u00e1 raz\u00f3n se requiere mucho cuidado al seleccionar la parte financiadora, sus t\u00e9rminos y las garant\u00edas del contrato. Nuestro concepto de financiaci\u00f3n no solo le permite reducir los plazos a la mitad de duraci\u00f3n en algunos casos, sino que tambi\u00e9n<\/p>\n","protected":false},"author":11,"featured_media":0,"parent":0,"menu_order":0,"comment_status":"open","ping_status":"closed","template":"","meta":[],"_links":{"self":[{"href":"https:\/\/nowinta.es\/es\/wp-json\/wp\/v2\/pages\/3978"}],"collection":[{"href":"https:\/\/nowinta.es\/es\/wp-json\/wp\/v2\/pages"}],"about":[{"href":"https:\/\/nowinta.es\/es\/wp-json\/wp\/v2\/types\/page"}],"author":[{"embeddable":true,"href":"https:\/\/nowinta.es\/es\/wp-json\/wp\/v2\/users\/11"}],"replies":[{"embeddable":true,"href":"https:\/\/nowinta.es\/es\/wp-json\/wp\/v2\/comments?post=3978"}],"version-history":[{"count":2,"href":"https:\/\/nowinta.es\/es\/wp-json\/wp\/v2\/pages\/3978\/revisions"}],"predecessor-version":[{"id":3980,"href":"https:\/\/nowinta.es\/es\/wp-json\/wp\/v2\/pages\/3978\/revisions\/3980"}],"wp:attachment":[{"href":"https:\/\/nowinta.es\/es\/wp-json\/wp\/v2\/media?parent=3978"}],"curies":[{"name":"wp","href":"https:\/\/api.w.org\/{rel}","templated":true}]}}