{"id":3981,"date":"2013-12-11T18:31:43","date_gmt":"2013-12-11T17:31:43","guid":{"rendered":"https:\/\/nowinta.es\/press-articles\/"},"modified":"2019-09-13T13:08:32","modified_gmt":"2019-09-13T11:08:32","slug":"prensa","status":"publish","type":"page","link":"https:\/\/nowinta.es\/es\/prensa\/","title":{"rendered":"Prensa"},"content":{"rendered":"<p><!--StartFragment--><!--StartFragment--><\/p>\n<p><!--StartFragment--><\/p>\n<p><!--StartFragment--><\/p>\n<p><strong><strong><!--StartFragment--><\/strong><\/strong><\/p>\n<p><!--StartFragment--><\/p>\n<p>Entrevista con Tobias Heyden, Director Gerente de nowinta Espa\u00f1a, en la edici\u00f3n semanal alemana de SUR, 8 de marzo de 2018 (alem\u00e1n).<\/p>\n<p><a title=\"nowinta erweitert Gesch\u00e4ftsleitung\" href=\"https:\/\/nowinta.es\/wp-content\/uploads\/2019\/04\/interview-tobias.pdf\" target=\"_blank\" rel=\"noopener noreferrer\">PDF<\/a><\/p>\n<hr \/>\n<p>&nbsp;<\/p>\n","protected":false},"excerpt":{"rendered":"<p>Entrevista con Tobias Heyden, Director Gerente de nowinta Espa\u00f1a, en la edici\u00f3n semanal alemana de SUR, 8 de marzo de 2018 (alem\u00e1n). PDF &nbsp;<\/p>\n","protected":false},"author":11,"featured_media":0,"parent":0,"menu_order":0,"comment_status":"open","ping_status":"open","template":"","meta":[],"_links":{"self":[{"href":"https:\/\/nowinta.es\/es\/wp-json\/wp\/v2\/pages\/3981"}],"collection":[{"href":"https:\/\/nowinta.es\/es\/wp-json\/wp\/v2\/pages"}],"about":[{"href":"https:\/\/nowinta.es\/es\/wp-json\/wp\/v2\/types\/page"}],"author":[{"embeddable":true,"href":"https:\/\/nowinta.es\/es\/wp-json\/wp\/v2\/users\/11"}],"replies":[{"embeddable":true,"href":"https:\/\/nowinta.es\/es\/wp-json\/wp\/v2\/comments?post=3981"}],"version-history":[{"count":2,"href":"https:\/\/nowinta.es\/es\/wp-json\/wp\/v2\/pages\/3981\/revisions"}],"predecessor-version":[{"id":3983,"href":"https:\/\/nowinta.es\/es\/wp-json\/wp\/v2\/pages\/3981\/revisions\/3983"}],"wp:attachment":[{"href":"https:\/\/nowinta.es\/es\/wp-json\/wp\/v2\/media?parent=3981"}],"curies":[{"name":"wp","href":"https:\/\/api.w.org\/{rel}","templated":true}]}}