{"id":3991,"date":"2019-06-06T16:52:55","date_gmt":"2019-06-06T14:52:55","guid":{"rendered":"https:\/\/nowinta.es\/legal-advice\/"},"modified":"2021-08-09T21:16:13","modified_gmt":"2021-08-09T19:16:13","slug":"aviso-legal","status":"publish","type":"page","link":"https:\/\/nowinta.es\/es\/aviso-legal\/","title":{"rendered":"Aviso legal"},"content":{"rendered":"<p><em>Este aviso legal fue actualizado por \u00faltima vez el 28\/09\/2020<\/em><\/p>\n<div class=\"entry_content\">\n<h2 id=\"m46\"><span class=\"\">Proveedor de servicio<\/span><\/h2>\n<p>nowinta Investmentservice GmbH<br \/>\nEllwanger Strasse 32<br \/>\n73433 Aalen<br \/>\nAlemania<\/p>\n<p><strong>Delegaci\u00f3n espa\u00f1ola:<\/strong><br \/>\nUrb. Guadalmina Alta, Edf. Ban\u00fas<br \/>\nCalle 19 B, Parcela 828, Portal II Bajo<br \/>\n29670 Marbella<\/p>\n<h2 id=\"m56\">Opciones de contacto<\/h2>\n<p><strong>Direcci\u00f3n de correo electr\u00f3nico:\u00a0<\/strong>\u00a0<a href=\"mailto:t.heyden@nowinta.es\">t.heyden@nowinta.es<\/a><br \/>\n<strong>Tel\u00e9fono:<\/strong>\u00a0\u00a0+34951965333<br \/>\n<strong>Formulario de contacto:\u00a0<\/strong>\u00a0<a href=\"https:\/\/nowinta.es\/kontakt\/\">https:\/\/nowinta.es\/kontakt\/<\/a><\/p>\n<h2 id=\"m153\"><span class=\"\">Representante autorizado<\/span><\/h2>\n<p>Autorizado para <strong>representar:<\/strong><br \/>\nDirecci\u00f3n: Mathias Bei\u00dfwenger<br \/>\nDirecci\u00f3n Espa\u00f1a: Tobias Heyden<\/p>\n<h2 id=\"m58\">Detalles de la compa\u00f1\u00eda<\/h2>\n<p><strong>N\u00famero de identificaci\u00f3n fiscal (USt-ID):<\/strong>\u00a0\u00a0DE144650159<\/p>\n<h2 id=\"m72\">Seguro de responsabilidad profesional<\/h2>\n<p><strong>Responsabilidad profesional:<\/strong><br \/>\nHDI Versicherung AG<br \/>\nHDI Platz 1<br \/>\n30659 Hannover<\/p>\n<p><strong><span class=\"\">Pasivo por\u00a0<\/span><span class=\"\">p\u00e9rdidas financieras<\/span><span class=\"\">:<\/span><\/strong><br \/>\n<span class=\"\">ERGO Versicherung AG<\/span><br \/>\n<span class=\"\">ERGO-Platz 1<\/span><br \/>\n<span class=\"\">40477 D\u00fcsseldorf<\/span><\/p>\n<h2 id=\"m151\">Registro y n\u00famero de registro<\/h2>\n<p><strong>Gestionado por:<\/strong>\u00a0\u00a0Tribunal de Distrito de Ulm<\/p>\n<p><strong>N\u00famero:<\/strong>\u00a0\u00a0HRB 500736<\/p>\n<h2 id=\"m166\">Autoridad supervisora<\/h2>\n<p><strong>Autoridad supervisora:<\/strong><\/p>\n<p>IHK Ostwuerttemberg<br \/>\nLudwig-Erhard-Strasse 1<br \/>\n89520 Heidenheim<br \/>\nTel. 07321 \/ 324-0<\/p>\n<p><strong>Sitio web:<\/strong>\u00a0\u00a0www.ostwuerttemberg.ihk.de<\/p>\n<h2 id=\"m168\">Regulaciones profesionales<\/h2>\n<p><strong>Regulaciones profesionales:<\/strong><\/p>\n<p>Las regulaciones profesionales se pueden ver y acceder en la p\u00e1gina de inicio administrada por el Ministerio Federal de Justicia y juris GmbH en www.gesetze-im-internet.de.<\/p>\n<h2 id=\"m65\">Avisos de responsabilidad y derechos de autor<\/h2>\n<p><strong>Descargo de responsabilidad<\/strong>\u00a0: el contenido de esta oferta en l\u00ednea se cre\u00f3 cuidadosamente y de acuerdo con nuestro estado actual de conocimiento, pero es solo para fines informativos y no tiene ning\u00fan efecto legalmente vinculante a menos que sea informaci\u00f3n legalmente vinculante (por ejemplo, el pie de imprenta, la declaraci\u00f3n de protecci\u00f3n de datos, t\u00e9rminos y condiciones o instrucciones obligatorias de los consumidores) hechos.\u00a0Nos reservamos el derecho de cambiar o eliminar el contenido total o parcialmente, siempre que las obligaciones contractuales no se vean afectadas.\u00a0Todas las ofertas son sin compromiso.<\/p>\n<p><strong>Enlaces a sitios web externos<\/strong>\u00a0: Los contenidos de sitios web externos a los que hacemos referencia directa o indirectamente est\u00e1n fuera de nuestro \u00e1mbito de responsabilidad y no los adoptamos como propios.\u00a0El proveedor de los sitios web vinculados es el \u00fanico responsable de todo el contenido y, en particular, de cualquier da\u00f1o resultante del uso de la informaci\u00f3n disponible en los sitios web vinculados.<\/p>\n<p><strong>Derechos de autor y derechos de marca registrada<\/strong>\u00a0: Todo el contenido presentado en este sitio web, como textos, fotograf\u00edas, gr\u00e1ficos, marcas y marcas comerciales, est\u00e1 protegido por los derechos de propiedad respectivos (derechos de autor, derechos de marca registrada).\u00a0El uso, reproducci\u00f3n, etc. est\u00e1n sujetos a nuestros derechos o los derechos de los respectivos autores o administradores de derechos.<\/p>\n<p><strong>Informaci\u00f3n sobre infracciones legales<\/strong>\u00a0: si observa alguna\u00a0<strong>infracci\u00f3n legal en<\/strong>\u00a0nuestro sitio web, le pedimos que nos la indique.\u00a0Eliminaremos el contenido y los enlaces ilegales inmediatamente despu\u00e9s de darnos cuenta.<\/p>\n<h2 id=\"m169\">Cr\u00e9ditos fotogr\u00e1ficos<\/h2>\n<p><strong>Fuentes de im\u00e1genes y avisos de derechos de autor:<\/strong><\/p>\n<p>Licencias de imagen Fotolia:<\/p>\n<p>\u00a9 sorcerer11 &#8211; Fotolia.com<\/p>\n<p><span class=\"\">\u00a9 goodluz &#8211; Fotolia.com<\/span><\/p>\n<p>\u00a9 Africa Studio &#8211; Fotolia.com<\/p>\n<p>\u00a9 Max Topchii &#8211; Fotolia.com<\/p>\n<p>\u00a9 xy &#8211; Fotolia.com<\/p>\n<p>Foto de archivo: casa unifamiliar 3d\u00a0\u00a0<a href=\"https:\/\/de.fotolia.com\/id\/25103538\">https:\/\/de.fotolia.com\/id\/25103538<\/a><\/p>\n<p>Copyright: Magda Fischer\u00a0\u00a0<a href=\"https:\/\/de.fotolia.com\/p\/201727788\">https:\/\/de.fotolia.com\/p\/201727788<\/a><\/p>\n<p>Foto de archivo: Informe del mercado de valores con toro y oso\u00a0\u00a0<a href=\"https:\/\/de.fotolia.com\/id\/37013100\">https:\/\/de.fotolia.com\/id\/37013100<\/a><\/p>\n<p>Derechos de autor: seewhatmitchsee\u00a0\u00a0<a href=\"https:\/\/de.fotolia.com\/p\/201249547\">https:\/\/de.fotolia.com\/p\/201249547<\/a><\/p>\n<p class=\"seal\"><a title=\"Texto legal del Dr. Giratorio: haga clic para obtener m\u00e1s informaci\u00f3n.\" href=\"https:\/\/datenschutz-generator.de\/?l=de\" rel=\"noopener noreferrer nofollow\"><img loading=\"lazy\" src=\"https:\/\/datenschutz-generator.de\/wp-content\/plugins\/ts-dsg\/images\/dsg-seal\/dsg-seal-ln-de.png\" alt=\"Texto legal del Dr. Giratorio: haga clic para obtener m\u00e1s informaci\u00f3n.\" width=\"250\" height=\"250\" \/><\/a><\/p>\n<\/div>\n","protected":false},"excerpt":{"rendered":"<p>Este aviso legal fue actualizado por \u00faltima vez el 28\/09\/2020 Proveedor de servicio nowinta Investmentservice GmbH Ellwanger Strasse 32 73433 Aalen Alemania Delegaci\u00f3n espa\u00f1ola: Urb. Guadalmina Alta, Edf. Ban\u00fas Calle 19 B, Parcela 828, Portal II Bajo 29670 Marbella Opciones de contacto Direcci\u00f3n de correo electr\u00f3nico:\u00a0\u00a0t.heyden@nowinta.es Tel\u00e9fono:\u00a0\u00a0+34951965333 Formulario de contacto:\u00a0\u00a0https:\/\/nowinta.es\/kontakt\/<\/p>\n","protected":false},"author":12,"featured_media":0,"parent":0,"menu_order":0,"comment_status":"closed","ping_status":"closed","template":"","meta":[],"_links":{"self":[{"href":"https:\/\/nowinta.es\/es\/wp-json\/wp\/v2\/pages\/3991"}],"collection":[{"href":"https:\/\/nowinta.es\/es\/wp-json\/wp\/v2\/pages"}],"about":[{"href":"https:\/\/nowinta.es\/es\/wp-json\/wp\/v2\/types\/page"}],"author":[{"embeddable":true,"href":"https:\/\/nowinta.es\/es\/wp-json\/wp\/v2\/users\/12"}],"replies":[{"embeddable":true,"href":"https:\/\/nowinta.es\/es\/wp-json\/wp\/v2\/comments?post=3991"}],"version-history":[{"count":5,"href":"https:\/\/nowinta.es\/es\/wp-json\/wp\/v2\/pages\/3991\/revisions"}],"predecessor-version":[{"id":4345,"href":"https:\/\/nowinta.es\/es\/wp-json\/wp\/v2\/pages\/3991\/revisions\/4345"}],"wp:attachment":[{"href":"https:\/\/nowinta.es\/es\/wp-json\/wp\/v2\/media?parent=3991"}],"curies":[{"name":"wp","href":"https:\/\/api.w.org\/{rel}","templated":true}]}}