{"id":3993,"date":"2018-05-24T13:11:52","date_gmt":"2018-05-24T11:11:52","guid":{"rendered":"https:\/\/nowinta.es\/privacy-policy\/"},"modified":"2020-09-29T13:29:46","modified_gmt":"2020-09-29T11:29:46","slug":"politica-de-privacidad","status":"publish","type":"page","link":"https:\/\/nowinta.es\/es\/politica-de-privacidad\/","title":{"rendered":"Pol\u00edtica de Privacidad"},"content":{"rendered":"<p><em>Esta declaraci\u00f3n de privacidad se actualiz\u00f3 por \u00faltima vez el 28\/09\/2020 y se aplica a los ciudadanos del Espacio Econ\u00f3mico Europeo.<\/em><\/p>\n<p>En esta declaraci\u00f3n de privacidad, explicamos qu\u00e9 hacemos con los datos que obtenemos sobre usted a trav\u00e9s de https:\/\/nowinta.es\/es\/.<\/p>\n<p>Le recomendamos que lea atentamente esta declaraci\u00f3n. En nuestro procesamiento cumplimos con los requisitos de la legislaci\u00f3n de privacidad. Eso significa, entre otras cosas, que:<\/p>\n<ul>\n<li>Declaramos claramente los fines para los que procesamos los datos personales. Hacemos esto por medio de esta declaraci\u00f3n de privacidad;<\/li>\n<li>Nuestro objetivo es limitar nuestra recopilaci\u00f3n de datos personales a solo los datos personales necesarios para fines leg\u00edtimos;<\/li>\n<li>Primero solicitamos su consentimiento expl\u00edcito para procesar sus datos personales en los casos que requieran su consentimiento;<\/li>\n<li>Tomamos las medidas de seguridad adecuadas para proteger sus datos personales y tambi\u00e9n se lo exigimos a las partes que procesan datos personales en nuestro nombre;<\/li>\n<li>Respetamos su derecho a acceder a sus datos personales o hacer que se corrijan o eliminen, si as\u00ed lo solicita.<\/li>\n<li>Si tiene alguna pregunta o desea saber exactamente qu\u00e9 datos conservamos de usted, comun\u00edquese con nosotros.<\/li>\n<\/ul>\n<h3>1. Finalidad, datos y per\u00edodo de conservaci\u00f3n<\/h3>\n<p><strong>1.1 Usamos sus datos para el siguiente prop\u00f3sito:<\/strong><\/p>\n<p>Contacto &#8211; Por tel\u00e9fono, correo, correo electr\u00f3nico y \/ o formularios web<\/p>\n<p>Para ello utilizamos los siguientes datos:<\/p>\n<ul>\n<li>Nombre, direcci\u00f3n y ciudad<\/li>\n<li>Direcci\u00f3n de correo electr\u00f3nico<\/li>\n<\/ul>\n<p><strong>La base sobre la que podemos procesar estos datos es:<\/strong><\/p>\n<p>Consentimiento obtenido<\/p>\n<p><strong>Periodo de retenci\u00f3n<\/strong><\/p>\n<p>Conservamos estos datos hasta que finalice el servicio.<\/p>\n<h3>2. Compartir con otras partes<\/h3>\n<p>No compartimos sus datos con terceros.<\/p>\n<h3>3. Cookies<\/h3>\n<p>Nuestro sitio web utiliza cookies. Para obtener m\u00e1s informaci\u00f3n sobre las cookies, consulte nuestra Pol\u00edtica de cookies.<\/p>\n<p>Hemos celebrado un Acuerdo de procesamiento de datos con Google.<\/p>\n<p>Google no puede utilizar los datos para ning\u00fan otro servicio de Google.<\/p>\n<p>Bloqueamos la inclusi\u00f3n de direcciones IP completas.<\/p>\n<h3>4. Seguridad<\/h3>\n<p>Estamos comprometidos con la seguridad de los datos personales. Tomamos las medidas de seguridad adecuadas para limitar el abuso y el acceso no autorizado a los datos personales. Esto garantiza que solo las personas necesarias tengan acceso a sus datos, que el acceso a los datos est\u00e9 protegido y que nuestras medidas de seguridad se revisen peri\u00f3dicamente.<\/p>\n<h3>5. Sitios web de terceros<\/h3>\n<p>Esta declaraci\u00f3n de privacidad no se aplica a sitios web de terceros conectados por enlaces en nuestro sitio web. No podemos garantizar que estos terceros manejen sus datos personales de manera confiable o segura. Le recomendamos que lea las declaraciones de privacidad de estos sitios web antes de hacer uso de estos sitios web.<\/p>\n<h3>6. Enmiendas a esta declaraci\u00f3n de privacidad<\/h3>\n<p>Nos reservamos el derecho a realizar modificaciones a esta declaraci\u00f3n de privacidad. Se recomienda que consulte esta declaraci\u00f3n de privacidad con regularidad para estar al tanto de cualquier cambio. Adem\u00e1s, le informaremos activamente siempre que sea posible.<\/p>\n<h3>7. Acceder y modificar sus datos<\/h3>\n<p>Si tiene alguna pregunta o desea saber qu\u00e9 datos personales tenemos sobre usted, comun\u00edquese con nosotros. Puede ponerse en contacto con nosotros utilizando la siguiente informaci\u00f3n. Tienes los siguientes derechos:<\/p>\n<ul>\n<li>Tiene derecho a saber por qu\u00e9 se necesitan sus datos personales, qu\u00e9 suceder\u00e1 con ellos y durante cu\u00e1nto tiempo se conservar\u00e1n.<\/li>\n<li>Derecho de acceso: tiene derecho a acceder a sus datos personales que conocemos.<\/li>\n<li>Derecho de rectificaci\u00f3n: tienes derecho a complementar, rectificar, haber eliminado o bloqueado tus datos personales cuando lo desees.<\/li>\n<li>Si nos da su consentimiento para procesar sus datos, tiene derecho a revocar ese consentimiento y a que se eliminen sus datos personales.<\/li>\n<li>Derecho a transferir sus datos: tiene derecho a solicitar todos sus datos personales al controlador y transferirlos en su totalidad a otro controlador.<\/li>\n<li>Derecho de oposici\u00f3n: puede oponerse al tratamiento de sus datos. Cumplimos con esto, a menos que existan motivos justificados para el procesamiento.<\/li>\n<li>Aseg\u00farese de indicar siempre claramente qui\u00e9n es usted, para que podamos estar seguros de que no modificamos ni eliminamos ning\u00fan dato de la persona equivocada.<\/li>\n<\/ul>\n<h3>8. Presentar una queja<\/h3>\n<p>Si no est\u00e1 satisfecho con la forma en que manejamos (una queja sobre) el procesamiento de sus datos personales, tiene derecho a presentar una queja ante la Autoridad de Protecci\u00f3n de Datos.<\/p>\n<h3>9. Datos de contacto<\/h3>\n<p>nowinta Investmentservice GmbH<br \/>\nEllwanger Stra\u00dfe 32<\/p>\n<p>73433 Aalen<\/p>\n<p>Alemania<br \/>\nSitio web: <a href=\"https:\/\/nowinta.es\/es\/\">https:\/\/nowinta.es\/es\/<\/a><br \/>\nCorreo electr\u00f3nico: <a href=\"mailto:info@nowinta.de\">info@nowinta.de<\/a><br \/>\nN\u00famero de tel\u00e9fono: <a href=\"tel:073619123-0\">07361 9123-0<\/a><\/p>\n","protected":false},"excerpt":{"rendered":"<p>Esta declaraci\u00f3n de privacidad se actualiz\u00f3 por \u00faltima vez el 28\/09\/2020 y se aplica a los ciudadanos del Espacio Econ\u00f3mico Europeo. En esta declaraci\u00f3n de privacidad, explicamos qu\u00e9 hacemos con los datos que obtenemos sobre usted a trav\u00e9s de https:\/\/nowinta.es\/es\/. Le recomendamos que lea atentamente esta declaraci\u00f3n. En nuestro procesamiento<\/p>\n","protected":false},"author":11,"featured_media":0,"parent":0,"menu_order":0,"comment_status":"closed","ping_status":"closed","template":"","meta":[],"_links":{"self":[{"href":"https:\/\/nowinta.es\/es\/wp-json\/wp\/v2\/pages\/3993"}],"collection":[{"href":"https:\/\/nowinta.es\/es\/wp-json\/wp\/v2\/pages"}],"about":[{"href":"https:\/\/nowinta.es\/es\/wp-json\/wp\/v2\/types\/page"}],"author":[{"embeddable":true,"href":"https:\/\/nowinta.es\/es\/wp-json\/wp\/v2\/users\/11"}],"replies":[{"embeddable":true,"href":"https:\/\/nowinta.es\/es\/wp-json\/wp\/v2\/comments?post=3993"}],"version-history":[{"count":5,"href":"https:\/\/nowinta.es\/es\/wp-json\/wp\/v2\/pages\/3993\/revisions"}],"predecessor-version":[{"id":4192,"href":"https:\/\/nowinta.es\/es\/wp-json\/wp\/v2\/pages\/3993\/revisions\/4192"}],"wp:attachment":[{"href":"https:\/\/nowinta.es\/es\/wp-json\/wp\/v2\/media?parent=3993"}],"curies":[{"name":"wp","href":"https:\/\/api.w.org\/{rel}","templated":true}]}}